{"id":18,"date":"2026-04-03T22:06:07","date_gmt":"2026-04-04T01:06:07","guid":{"rendered":"https:\/\/selectfindshop.com\/br\/about-us\/"},"modified":"2026-04-03T22:06:07","modified_gmt":"2026-04-04T01:06:07","slug":"about-us","status":"publish","type":"page","link":"https:\/\/selectfindshop.com\/br\/about-us\/","title":{"rendered":"Sobre N\u00f3s"},"content":{"rendered":"<h2>Sobre a Select Finds Shop<\/h2>\n<p>A Select Finds Shop \u00e9 um site de descoberta e avalia\u00e7\u00e3o de produtos curados, dedicado a ajud\u00e1-lo a encontrar os melhores produtos em diversas categorias \u2014 de casa e estilo de vida a tecnologia, sa\u00fade e muito mais.<\/p>\n<h2>Nossa Miss\u00e3o<\/h2>\n<p>Acreditamos que comprar deve ser simples, informado e agrad\u00e1vel. Nossa miss\u00e3o \u00e9 filtrar o ru\u00eddo de milhares de op\u00e7\u00f5es e destacar os produtos que realmente se sobressaem \u2014 economizando seu tempo, dinheiro e frustra\u00e7\u00e3o.<\/p>\n<h2>O que Fazemos<\/h2>\n<p>Nossa equipe editorial pesquisa e avalia produtos extensivamente, com base em avalia\u00e7\u00f5es de usu\u00e1rios, opini\u00f5es de especialistas e testes pr\u00e1ticos sempre que poss\u00edvel. Cada recomenda\u00e7\u00e3o \u00e9 feita pensando nos melhores interesses dos nossos leitores.<\/p>\n<h2>Como Geramos Receita<\/h2>\n<p>Somos mantidos pelos nossos leitores. Quando voc\u00ea compra um produto por meio de um link em nosso site, podemos ganhar uma pequena comiss\u00e3o de afiliado sem custo adicional para voc\u00ea. Leia mais em nossa <a href=\"\/divulgacao-de-afiliados\/\">Divulga\u00e7\u00e3o de Afiliados<\/a>.<\/p>\n<h2>Entre em Contato<\/h2>\n<p>Adoramos ouvir dos nossos leitores. Entre em contato pelo e-mail contato@selectfindshop.com ou acesse nossa <a href=\"\/contato\/\">p\u00e1gina de Contato<\/a>.<\/p>\n","protected":false},"excerpt":{"rendered":"<p>Sobre a Select Finds Shop A Select Finds Shop \u00e9 um site de descoberta e avalia\u00e7\u00e3o de produtos curados, dedicado a ajud\u00e1-lo a encontrar os melhores produtos em diversas categorias \u2014 de casa e estilo de vida a tecnologia, sa\u00fade e muito mais. Nossa Miss\u00e3o Acreditamos que comprar deve ser simples, informado e agrad\u00e1vel. Nossa [&hellip;]<\/p>\n","protected":false},"author":0,"featured_media":0,"parent":0,"menu_order":0,"comment_status":"closed","ping_status":"closed","template":"","meta":{"ocean_post_layout":"","ocean_both_sidebars_style":"","ocean_both_sidebars_content_width":0,"ocean_both_sidebars_sidebars_width":0,"ocean_sidebar":"","ocean_second_sidebar":"","ocean_disable_margins":"enable","ocean_add_body_class":"","ocean_shortcode_before_top_bar":"","ocean_shortcode_after_top_bar":"","ocean_shortcode_before_header":"","ocean_shortcode_after_header":"","ocean_has_shortcode":"","ocean_shortcode_after_title":"","ocean_shortcode_before_footer_widgets":"","ocean_shortcode_after_footer_widgets":"","ocean_shortcode_before_footer_bottom":"","ocean_shortcode_after_footer_bottom":"","ocean_display_top_bar":"default","ocean_display_header":"default","ocean_header_style":"","ocean_center_header_left_menu":"","ocean_custom_header_template":"","ocean_custom_logo":0,"ocean_custom_retina_logo":0,"ocean_custom_logo_max_width":0,"ocean_custom_logo_tablet_max_width":0,"ocean_custom_logo_mobile_max_width":0,"ocean_custom_logo_max_height":0,"ocean_custom_logo_tablet_max_height":0,"ocean_custom_logo_mobile_max_height":0,"ocean_header_custom_menu":"","ocean_menu_typo_font_family":"","ocean_menu_typo_font_subset":"","ocean_menu_typo_font_size":0,"ocean_menu_typo_font_size_tablet":0,"ocean_menu_typo_font_size_mobile":0,"ocean_menu_typo_font_size_unit":"px","ocean_menu_typo_font_weight":"","ocean_menu_typo_font_weight_tablet":"","ocean_menu_typo_font_weight_mobile":"","ocean_menu_typo_transform":"","ocean_menu_typo_transform_tablet":"","ocean_menu_typo_transform_mobile":"","ocean_menu_typo_line_height":0,"ocean_menu_typo_line_height_tablet":0,"ocean_menu_typo_line_height_mobile":0,"ocean_menu_typo_line_height_unit":"","ocean_menu_typo_spacing":0,"ocean_menu_typo_spacing_tablet":0,"ocean_menu_typo_spacing_mobile":0,"ocean_menu_typo_spacing_unit":"","ocean_menu_link_color":"","ocean_menu_link_color_hover":"","ocean_menu_link_color_active":"","ocean_menu_link_background":"","ocean_menu_link_hover_background":"","ocean_menu_link_active_background":"","ocean_menu_social_links_bg":"","ocean_menu_social_hover_links_bg":"","ocean_menu_social_links_color":"","ocean_menu_social_hover_links_color":"","ocean_disable_title":"default","ocean_disable_heading":"default","ocean_post_title":"","ocean_post_subheading":"","ocean_post_title_style":"","ocean_post_title_background_color":"","ocean_post_title_background":0,"ocean_post_title_bg_image_position":"","ocean_post_title_bg_image_attachment":"","ocean_post_title_bg_image_repeat":"","ocean_post_title_bg_image_size":"","ocean_post_title_height":0,"ocean_post_title_bg_overlay":0.5,"ocean_post_title_bg_overlay_color":"","ocean_disable_breadcrumbs":"default","ocean_breadcrumbs_color":"","ocean_breadcrumbs_separator_color":"","ocean_breadcrumbs_links_color":"","ocean_breadcrumbs_links_hover_color":"","ocean_display_footer_widgets":"default","ocean_display_footer_bottom":"default","ocean_custom_footer_template":"","omw_enable_modal_window":"enable","footnotes":""},"class_list":["post-18","page","type-page","status-publish","hentry","entry"],"yoast_head":"<!-- This site is optimized with the Yoast SEO plugin v27.4 - https:\/\/yoast.com\/product\/yoast-seo-wordpress\/ -->\n<title>Sobre N\u00f3s - Select Finds Shop<\/title>\n<meta name=\"robots\" content=\"index, follow, max-snippet:-1, max-image-preview:large, max-video-preview:-1\" \/>\n<link rel=\"canonical\" href=\"https:\/\/selectfindshop.com\/br\/about-us\/\" \/>\n<meta property=\"og:locale\" content=\"pt_BR\" \/>\n<meta property=\"og:type\" content=\"article\" \/>\n<meta property=\"og:title\" content=\"Sobre N\u00f3s - Select Finds Shop\" \/>\n<meta property=\"og:description\" content=\"Sobre a Select Finds Shop A Select Finds Shop \u00e9 um site de descoberta e avalia\u00e7\u00e3o de produtos curados, dedicado a ajud\u00e1-lo a encontrar os melhores produtos em diversas categorias \u2014 de casa e estilo de vida a tecnologia, sa\u00fade e muito mais. Nossa Miss\u00e3o Acreditamos que comprar deve ser simples, informado e agrad\u00e1vel. Nossa [&hellip;]\" \/>\n<meta property=\"og:url\" content=\"https:\/\/selectfindshop.com\/br\/about-us\/\" \/>\n<meta property=\"og:site_name\" content=\"Select Finds Shop\" \/>\n<meta name=\"twitter:card\" content=\"summary_large_image\" \/>\n<meta name=\"twitter:label1\" content=\"Est. tempo de leitura\" \/>\n\t<meta name=\"twitter:data1\" content=\"1 minuto\" \/>\n<script type=\"application\/ld+json\" class=\"yoast-schema-graph\">{\"@context\":\"https:\\\/\\\/schema.org\",\"@graph\":[{\"@type\":\"WebPage\",\"@id\":\"https:\\\/\\\/selectfindshop.com\\\/br\\\/about-us\\\/\",\"url\":\"https:\\\/\\\/selectfindshop.com\\\/br\\\/about-us\\\/\",\"name\":\"Sobre N\u00f3s - Select Finds Shop\",\"isPartOf\":{\"@id\":\"https:\\\/\\\/selectfindshop.com\\\/br\\\/#website\"},\"datePublished\":\"2026-04-04T01:06:07+00:00\",\"breadcrumb\":{\"@id\":\"https:\\\/\\\/selectfindshop.com\\\/br\\\/about-us\\\/#breadcrumb\"},\"inLanguage\":\"pt-BR\",\"potentialAction\":[{\"@type\":\"ReadAction\",\"target\":[\"https:\\\/\\\/selectfindshop.com\\\/br\\\/about-us\\\/\"]}]},{\"@type\":\"BreadcrumbList\",\"@id\":\"https:\\\/\\\/selectfindshop.com\\\/br\\\/about-us\\\/#breadcrumb\",\"itemListElement\":[{\"@type\":\"ListItem\",\"position\":1,\"name\":\"Home\",\"item\":\"https:\\\/\\\/selectfindshop.com\\\/br\\\/\"},{\"@type\":\"ListItem\",\"position\":2,\"name\":\"Sobre N\u00f3s\"}]},{\"@type\":\"WebSite\",\"@id\":\"https:\\\/\\\/selectfindshop.com\\\/br\\\/#website\",\"url\":\"https:\\\/\\\/selectfindshop.com\\\/br\\\/\",\"name\":\"Select Finds Shop\",\"description\":\"Os melhores achados em tecnologia, moda, saude e muito mais\",\"potentialAction\":[{\"@type\":\"SearchAction\",\"target\":{\"@type\":\"EntryPoint\",\"urlTemplate\":\"https:\\\/\\\/selectfindshop.com\\\/br\\\/?s={search_term_string}\"},\"query-input\":{\"@type\":\"PropertyValueSpecification\",\"valueRequired\":true,\"valueName\":\"search_term_string\"}}],\"inLanguage\":\"pt-BR\"}]}<\/script>\n<!-- \/ Yoast SEO plugin. -->","yoast_head_json":{"title":"Sobre N\u00f3s - Select Finds Shop","robots":{"index":"index","follow":"follow","max-snippet":"max-snippet:-1","max-image-preview":"max-image-preview:large","max-video-preview":"max-video-preview:-1"},"canonical":"https:\/\/selectfindshop.com\/br\/about-us\/","og_locale":"pt_BR","og_type":"article","og_title":"Sobre N\u00f3s - Select Finds Shop","og_description":"Sobre a Select Finds Shop A Select Finds Shop \u00e9 um site de descoberta e avalia\u00e7\u00e3o de produtos curados, dedicado a ajud\u00e1-lo a encontrar os melhores produtos em diversas categorias \u2014 de casa e estilo de vida a tecnologia, sa\u00fade e muito mais. Nossa Miss\u00e3o Acreditamos que comprar deve ser simples, informado e agrad\u00e1vel. Nossa [&hellip;]","og_url":"https:\/\/selectfindshop.com\/br\/about-us\/","og_site_name":"Select Finds Shop","twitter_card":"summary_large_image","twitter_misc":{"Est. tempo de leitura":"1 minuto"},"schema":{"@context":"https:\/\/schema.org","@graph":[{"@type":"WebPage","@id":"https:\/\/selectfindshop.com\/br\/about-us\/","url":"https:\/\/selectfindshop.com\/br\/about-us\/","name":"Sobre N\u00f3s - Select Finds Shop","isPartOf":{"@id":"https:\/\/selectfindshop.com\/br\/#website"},"datePublished":"2026-04-04T01:06:07+00:00","breadcrumb":{"@id":"https:\/\/selectfindshop.com\/br\/about-us\/#breadcrumb"},"inLanguage":"pt-BR","potentialAction":[{"@type":"ReadAction","target":["https:\/\/selectfindshop.com\/br\/about-us\/"]}]},{"@type":"BreadcrumbList","@id":"https:\/\/selectfindshop.com\/br\/about-us\/#breadcrumb","itemListElement":[{"@type":"ListItem","position":1,"name":"Home","item":"https:\/\/selectfindshop.com\/br\/"},{"@type":"ListItem","position":2,"name":"Sobre N\u00f3s"}]},{"@type":"WebSite","@id":"https:\/\/selectfindshop.com\/br\/#website","url":"https:\/\/selectfindshop.com\/br\/","name":"Select Finds Shop","description":"Os melhores achados em tecnologia, moda, saude e muito mais","potentialAction":[{"@type":"SearchAction","target":{"@type":"EntryPoint","urlTemplate":"https:\/\/selectfindshop.com\/br\/?s={search_term_string}"},"query-input":{"@type":"PropertyValueSpecification","valueRequired":true,"valueName":"search_term_string"}}],"inLanguage":"pt-BR"}]}},"_links":{"self":[{"href":"https:\/\/selectfindshop.com\/br\/wp-json\/wp\/v2\/pages\/18","targetHints":{"allow":["GET"]}}],"collection":[{"href":"https:\/\/selectfindshop.com\/br\/wp-json\/wp\/v2\/pages"}],"about":[{"href":"https:\/\/selectfindshop.com\/br\/wp-json\/wp\/v2\/types\/page"}],"replies":[{"embeddable":true,"href":"https:\/\/selectfindshop.com\/br\/wp-json\/wp\/v2\/comments?post=18"}],"version-history":[{"count":0,"href":"https:\/\/selectfindshop.com\/br\/wp-json\/wp\/v2\/pages\/18\/revisions"}],"wp:attachment":[{"href":"https:\/\/selectfindshop.com\/br\/wp-json\/wp\/v2\/media?parent=18"}],"curies":[{"name":"wp","href":"https:\/\/api.w.org\/{rel}","templated":true}]}}