{"id":17,"date":"2026-04-03T22:06:06","date_gmt":"2026-04-04T01:06:06","guid":{"rendered":"https:\/\/selectfindshop.com\/br\/affiliate-disclosure\/"},"modified":"2026-04-03T22:06:06","modified_gmt":"2026-04-04T01:06:06","slug":"affiliate-disclosure","status":"publish","type":"page","link":"https:\/\/selectfindshop.com\/br\/affiliate-disclosure\/","title":{"rendered":"Divulga\u00e7\u00e3o de Afiliados"},"content":{"rendered":"<h2>Nosso Compromisso com a Transpar\u00eancia<\/h2>\n<p>A Select Finds Shop \u00e9 um site editorial independente de avalia\u00e7\u00f5es. Somos totalmente transparentes sobre como operamos e geramos receita.<\/p>\n<h2>O que \u00e9 um Link de Afiliado?<\/h2>\n<p>Alguns links neste site s\u00e3o links de afiliados. Se voc\u00ea clicar e fizer uma compra, podemos receber uma pequena comiss\u00e3o \u2014 sem custo adicional para voc\u00ea. Isso nos ajuda a manter o site funcionando e a continuar fornecendo recomenda\u00e7\u00f5es honestas e gratuitas.<\/p>\n<h2>Programas dos Quais Participamos<\/h2>\n<p>Participamos dos seguintes programas de afiliados: Amazon Associates, CJ Affiliate, Rakuten Advertising, Awin, ShareASale, Impact.com, Hotmart e Clickbank.<\/p>\n<h2>Nossa Independ\u00eancia Editorial<\/h2>\n<p>Os relacionamentos de afiliados n\u00e3o influenciam nossas avalia\u00e7\u00f5es ou recomenda\u00e7\u00f5es. Recomendamos apenas produtos nos quais genuinamente acreditamos oferecer valor aos nossos leitores.<\/p>\n<h2>D\u00favidas?<\/h2>\n<p>Se voc\u00ea tiver d\u00favidas sobre nossos relacionamentos de afiliados, entre em contato: contato@selectfindshop.com<\/p>\n","protected":false},"excerpt":{"rendered":"<p>Nosso Compromisso com a Transpar\u00eancia A Select Finds Shop \u00e9 um site editorial independente de avalia\u00e7\u00f5es. Somos totalmente transparentes sobre como operamos e geramos receita. O que \u00e9 um Link de Afiliado? Alguns links neste site s\u00e3o links de afiliados. Se voc\u00ea clicar e fizer uma compra, podemos receber uma pequena comiss\u00e3o \u2014 sem custo [&hellip;]<\/p>\n","protected":false},"author":0,"featured_media":0,"parent":0,"menu_order":0,"comment_status":"closed","ping_status":"closed","template":"","meta":{"ocean_post_layout":"","ocean_both_sidebars_style":"","ocean_both_sidebars_content_width":0,"ocean_both_sidebars_sidebars_width":0,"ocean_sidebar":"","ocean_second_sidebar":"","ocean_disable_margins":"enable","ocean_add_body_class":"","ocean_shortcode_before_top_bar":"","ocean_shortcode_after_top_bar":"","ocean_shortcode_before_header":"","ocean_shortcode_after_header":"","ocean_has_shortcode":"","ocean_shortcode_after_title":"","ocean_shortcode_before_footer_widgets":"","ocean_shortcode_after_footer_widgets":"","ocean_shortcode_before_footer_bottom":"","ocean_shortcode_after_footer_bottom":"","ocean_display_top_bar":"default","ocean_display_header":"default","ocean_header_style":"","ocean_center_header_left_menu":"","ocean_custom_header_template":"","ocean_custom_logo":0,"ocean_custom_retina_logo":0,"ocean_custom_logo_max_width":0,"ocean_custom_logo_tablet_max_width":0,"ocean_custom_logo_mobile_max_width":0,"ocean_custom_logo_max_height":0,"ocean_custom_logo_tablet_max_height":0,"ocean_custom_logo_mobile_max_height":0,"ocean_header_custom_menu":"","ocean_menu_typo_font_family":"","ocean_menu_typo_font_subset":"","ocean_menu_typo_font_size":0,"ocean_menu_typo_font_size_tablet":0,"ocean_menu_typo_font_size_mobile":0,"ocean_menu_typo_font_size_unit":"px","ocean_menu_typo_font_weight":"","ocean_menu_typo_font_weight_tablet":"","ocean_menu_typo_font_weight_mobile":"","ocean_menu_typo_transform":"","ocean_menu_typo_transform_tablet":"","ocean_menu_typo_transform_mobile":"","ocean_menu_typo_line_height":0,"ocean_menu_typo_line_height_tablet":0,"ocean_menu_typo_line_height_mobile":0,"ocean_menu_typo_line_height_unit":"","ocean_menu_typo_spacing":0,"ocean_menu_typo_spacing_tablet":0,"ocean_menu_typo_spacing_mobile":0,"ocean_menu_typo_spacing_unit":"","ocean_menu_link_color":"","ocean_menu_link_color_hover":"","ocean_menu_link_color_active":"","ocean_menu_link_background":"","ocean_menu_link_hover_background":"","ocean_menu_link_active_background":"","ocean_menu_social_links_bg":"","ocean_menu_social_hover_links_bg":"","ocean_menu_social_links_color":"","ocean_menu_social_hover_links_color":"","ocean_disable_title":"default","ocean_disable_heading":"default","ocean_post_title":"","ocean_post_subheading":"","ocean_post_title_style":"","ocean_post_title_background_color":"","ocean_post_title_background":0,"ocean_post_title_bg_image_position":"","ocean_post_title_bg_image_attachment":"","ocean_post_title_bg_image_repeat":"","ocean_post_title_bg_image_size":"","ocean_post_title_height":0,"ocean_post_title_bg_overlay":0.5,"ocean_post_title_bg_overlay_color":"","ocean_disable_breadcrumbs":"default","ocean_breadcrumbs_color":"","ocean_breadcrumbs_separator_color":"","ocean_breadcrumbs_links_color":"","ocean_breadcrumbs_links_hover_color":"","ocean_display_footer_widgets":"default","ocean_display_footer_bottom":"default","ocean_custom_footer_template":"","omw_enable_modal_window":"enable","footnotes":""},"class_list":["post-17","page","type-page","status-publish","hentry","entry"],"yoast_head":"<!-- This site is optimized with the Yoast SEO plugin v27.4 - https:\/\/yoast.com\/product\/yoast-seo-wordpress\/ -->\n<title>Divulga\u00e7\u00e3o de Afiliados - Select Finds Shop<\/title>\n<meta name=\"robots\" content=\"index, follow, max-snippet:-1, max-image-preview:large, max-video-preview:-1\" \/>\n<link rel=\"canonical\" href=\"https:\/\/selectfindshop.com\/br\/affiliate-disclosure\/\" \/>\n<meta property=\"og:locale\" content=\"pt_BR\" \/>\n<meta property=\"og:type\" content=\"article\" \/>\n<meta property=\"og:title\" content=\"Divulga\u00e7\u00e3o de Afiliados - Select Finds Shop\" \/>\n<meta property=\"og:description\" content=\"Nosso Compromisso com a Transpar\u00eancia A Select Finds Shop \u00e9 um site editorial independente de avalia\u00e7\u00f5es. Somos totalmente transparentes sobre como operamos e geramos receita. O que \u00e9 um Link de Afiliado? Alguns links neste site s\u00e3o links de afiliados. Se voc\u00ea clicar e fizer uma compra, podemos receber uma pequena comiss\u00e3o \u2014 sem custo [&hellip;]\" \/>\n<meta property=\"og:url\" content=\"https:\/\/selectfindshop.com\/br\/affiliate-disclosure\/\" \/>\n<meta property=\"og:site_name\" content=\"Select Finds Shop\" \/>\n<meta name=\"twitter:card\" content=\"summary_large_image\" \/>\n<meta name=\"twitter:label1\" content=\"Est. tempo de leitura\" \/>\n\t<meta name=\"twitter:data1\" content=\"1 minuto\" \/>\n<script type=\"application\/ld+json\" class=\"yoast-schema-graph\">{\"@context\":\"https:\\\/\\\/schema.org\",\"@graph\":[{\"@type\":\"WebPage\",\"@id\":\"https:\\\/\\\/selectfindshop.com\\\/br\\\/affiliate-disclosure\\\/\",\"url\":\"https:\\\/\\\/selectfindshop.com\\\/br\\\/affiliate-disclosure\\\/\",\"name\":\"Divulga\u00e7\u00e3o de Afiliados - Select Finds Shop\",\"isPartOf\":{\"@id\":\"https:\\\/\\\/selectfindshop.com\\\/br\\\/#website\"},\"datePublished\":\"2026-04-04T01:06:06+00:00\",\"breadcrumb\":{\"@id\":\"https:\\\/\\\/selectfindshop.com\\\/br\\\/affiliate-disclosure\\\/#breadcrumb\"},\"inLanguage\":\"pt-BR\",\"potentialAction\":[{\"@type\":\"ReadAction\",\"target\":[\"https:\\\/\\\/selectfindshop.com\\\/br\\\/affiliate-disclosure\\\/\"]}]},{\"@type\":\"BreadcrumbList\",\"@id\":\"https:\\\/\\\/selectfindshop.com\\\/br\\\/affiliate-disclosure\\\/#breadcrumb\",\"itemListElement\":[{\"@type\":\"ListItem\",\"position\":1,\"name\":\"Home\",\"item\":\"https:\\\/\\\/selectfindshop.com\\\/br\\\/\"},{\"@type\":\"ListItem\",\"position\":2,\"name\":\"Divulga\u00e7\u00e3o de Afiliados\"}]},{\"@type\":\"WebSite\",\"@id\":\"https:\\\/\\\/selectfindshop.com\\\/br\\\/#website\",\"url\":\"https:\\\/\\\/selectfindshop.com\\\/br\\\/\",\"name\":\"Select Finds Shop\",\"description\":\"Os melhores achados em tecnologia, moda, saude e muito mais\",\"potentialAction\":[{\"@type\":\"SearchAction\",\"target\":{\"@type\":\"EntryPoint\",\"urlTemplate\":\"https:\\\/\\\/selectfindshop.com\\\/br\\\/?s={search_term_string}\"},\"query-input\":{\"@type\":\"PropertyValueSpecification\",\"valueRequired\":true,\"valueName\":\"search_term_string\"}}],\"inLanguage\":\"pt-BR\"}]}<\/script>\n<!-- \/ Yoast SEO plugin. -->","yoast_head_json":{"title":"Divulga\u00e7\u00e3o de Afiliados - Select Finds Shop","robots":{"index":"index","follow":"follow","max-snippet":"max-snippet:-1","max-image-preview":"max-image-preview:large","max-video-preview":"max-video-preview:-1"},"canonical":"https:\/\/selectfindshop.com\/br\/affiliate-disclosure\/","og_locale":"pt_BR","og_type":"article","og_title":"Divulga\u00e7\u00e3o de Afiliados - Select Finds Shop","og_description":"Nosso Compromisso com a Transpar\u00eancia A Select Finds Shop \u00e9 um site editorial independente de avalia\u00e7\u00f5es. Somos totalmente transparentes sobre como operamos e geramos receita. O que \u00e9 um Link de Afiliado? Alguns links neste site s\u00e3o links de afiliados. Se voc\u00ea clicar e fizer uma compra, podemos receber uma pequena comiss\u00e3o \u2014 sem custo [&hellip;]","og_url":"https:\/\/selectfindshop.com\/br\/affiliate-disclosure\/","og_site_name":"Select Finds Shop","twitter_card":"summary_large_image","twitter_misc":{"Est. tempo de leitura":"1 minuto"},"schema":{"@context":"https:\/\/schema.org","@graph":[{"@type":"WebPage","@id":"https:\/\/selectfindshop.com\/br\/affiliate-disclosure\/","url":"https:\/\/selectfindshop.com\/br\/affiliate-disclosure\/","name":"Divulga\u00e7\u00e3o de Afiliados - Select Finds Shop","isPartOf":{"@id":"https:\/\/selectfindshop.com\/br\/#website"},"datePublished":"2026-04-04T01:06:06+00:00","breadcrumb":{"@id":"https:\/\/selectfindshop.com\/br\/affiliate-disclosure\/#breadcrumb"},"inLanguage":"pt-BR","potentialAction":[{"@type":"ReadAction","target":["https:\/\/selectfindshop.com\/br\/affiliate-disclosure\/"]}]},{"@type":"BreadcrumbList","@id":"https:\/\/selectfindshop.com\/br\/affiliate-disclosure\/#breadcrumb","itemListElement":[{"@type":"ListItem","position":1,"name":"Home","item":"https:\/\/selectfindshop.com\/br\/"},{"@type":"ListItem","position":2,"name":"Divulga\u00e7\u00e3o de Afiliados"}]},{"@type":"WebSite","@id":"https:\/\/selectfindshop.com\/br\/#website","url":"https:\/\/selectfindshop.com\/br\/","name":"Select Finds Shop","description":"Os melhores achados em tecnologia, moda, saude e muito mais","potentialAction":[{"@type":"SearchAction","target":{"@type":"EntryPoint","urlTemplate":"https:\/\/selectfindshop.com\/br\/?s={search_term_string}"},"query-input":{"@type":"PropertyValueSpecification","valueRequired":true,"valueName":"search_term_string"}}],"inLanguage":"pt-BR"}]}},"_links":{"self":[{"href":"https:\/\/selectfindshop.com\/br\/wp-json\/wp\/v2\/pages\/17","targetHints":{"allow":["GET"]}}],"collection":[{"href":"https:\/\/selectfindshop.com\/br\/wp-json\/wp\/v2\/pages"}],"about":[{"href":"https:\/\/selectfindshop.com\/br\/wp-json\/wp\/v2\/types\/page"}],"replies":[{"embeddable":true,"href":"https:\/\/selectfindshop.com\/br\/wp-json\/wp\/v2\/comments?post=17"}],"version-history":[{"count":0,"href":"https:\/\/selectfindshop.com\/br\/wp-json\/wp\/v2\/pages\/17\/revisions"}],"wp:attachment":[{"href":"https:\/\/selectfindshop.com\/br\/wp-json\/wp\/v2\/media?parent=17"}],"curies":[{"name":"wp","href":"https:\/\/api.w.org\/{rel}","templated":true}]}}